{"id":64,"date":"2021-06-02T09:49:17","date_gmt":"2021-06-02T09:49:17","guid":{"rendered":"https:\/\/challenge-melli.de\/?page_id=64"},"modified":"2023-01-08T19:38:27","modified_gmt":"2023-01-08T19:38:27","slug":"challenge","status":"publish","type":"page","link":"https:\/\/challenge-melli.de\/?page_id=64","title":{"rendered":"Challenge"},"content":{"rendered":"\n<div class=\"wp-block-cover has-background-dim\"><img loading=\"lazy\" width=\"1024\" height=\"740\" class=\"wp-block-cover__image-background wp-image-172\" alt=\"\" src=\"https:\/\/challenge-melli.de\/wp-content\/uploads\/2021\/06\/melli_33-1-1024x740.jpg\" data-object-fit=\"cover\" srcset=\"https:\/\/challenge-melli.de\/wp-content\/uploads\/2021\/06\/melli_33-1-1024x740.jpg 1024w, https:\/\/challenge-melli.de\/wp-content\/uploads\/2021\/06\/melli_33-1-300x217.jpg 300w, https:\/\/challenge-melli.de\/wp-content\/uploads\/2021\/06\/melli_33-1-768x555.jpg 768w, https:\/\/challenge-melli.de\/wp-content\/uploads\/2021\/06\/melli_33-1-1536x1109.jpg 1536w, https:\/\/challenge-melli.de\/wp-content\/uploads\/2021\/06\/melli_33-1-2048x1479.jpg 2048w\" sizes=\"(max-width: 1024px) 100vw, 1024px\" \/><div class=\"wp-block-cover__inner-container\">\n<p class=\"has-text-align-center\" style=\"font-size:24px\"><span class=\"has-inline-color has-background-color-color\">JEDE LEISTUNG F\u00c4NGT MIT DER ENTSCHEIDUNG AN, ES ZU VERSUCHEN.<\/span><br><br><br><br><br><\/p>\n<\/div><\/div>\n\n\n\n<p><\/p>\n\n\n\n<p>Challenge bedeutet Herausforderung. Jeden Tag \u00fcber einen festgelegten Zeitraum eine Herausforderung in den Alltag bringen. Die Challenge treibt dich an, schenkt dir Routine und ein gutes K\u00f6rpergef\u00fchl. Nicht nur deine Motivation wird gest\u00e4rkt dran zu bleiben, du tust auch jeden Tag etwas f\u00fcr deine Gesundheit. <\/p>\n\n\n\n<p>Die \u00dcbungen bleiben w\u00e4hrend dem gesamten Zeitraum gleich, lediglich die Intensit\u00e4t steigert sich. Du kannst dich also in jeder \u00dcbung pers\u00f6nlich herausfordern und steigern.  Es gibt immer f\u00fcr JEDE \u00dcbung verschiedene Varianten, leicht, mittel, schwer. So kann JEDER, in JEDEM Fitnesszustand an JEDER Challenge teilnehmen und sich im Rahmen seiner M\u00f6glichkeiten steigern. <\/p>\n\n\n\n<div class=\"wp-block-media-text alignwide is-stacked-on-mobile\"><figure class=\"wp-block-media-text__media\"><img loading=\"lazy\" width=\"1024\" height=\"740\" src=\"https:\/\/challenge-melli.de\/wp-content\/uploads\/2021\/06\/melli_21-1-1024x740.jpg\" alt=\"\" class=\"wp-image-170 size-full\" srcset=\"https:\/\/challenge-melli.de\/wp-content\/uploads\/2021\/06\/melli_21-1-1024x740.jpg 1024w, https:\/\/challenge-melli.de\/wp-content\/uploads\/2021\/06\/melli_21-1-300x217.jpg 300w, https:\/\/challenge-melli.de\/wp-content\/uploads\/2021\/06\/melli_21-1-768x555.jpg 768w, https:\/\/challenge-melli.de\/wp-content\/uploads\/2021\/06\/melli_21-1-1536x1109.jpg 1536w, https:\/\/challenge-melli.de\/wp-content\/uploads\/2021\/06\/melli_21-1-2048x1479.jpg 2048w\" sizes=\"(max-width: 1024px) 100vw, 1024px\" \/><\/figure><div class=\"wp-block-media-text__content\">\n<p>Zu Beginn kommen die Workouts und der Plan f\u00fcr den gesamten Zeitraum. Du wirst damit optimal betreut, ich bin jederzeit f\u00fcr dich ansprechbar und begleite dich durch diese Zeit.<\/p>\n<\/div><\/div>\n\n\n\n<p><\/p>\n\n\n\n<p><strong>Du hast 2 M\u00f6glichkeiten der Durchf\u00fchrung:<\/strong><br><br><em>M\u00f6glichkeit A<\/em> &#8211; \u00fcber die Homepage f\u00fcr dich selbst und mit Beginn wann immer du m\u00f6chtest. Registriere dich zuerst mit einem Benutzerkonto oder melde dich mit einem bereits erstellten Benutzerkonto <a href=\"https:\/\/challenge-melli.de\/?page_id=84\" data-type=\"page\" data-id=\"84\">hier<\/a> an. Klicke, wenn du eingeloggt bist, f\u00fcr den Kauf auf den jeweiligen Zahlungsbutton (s. unten) und du erh\u00e4ltst f\u00fcr die Dauer der Challenge Zugriff auf die jeweilige Seite. Bitte beachte, dass f\u00fcr den erfolgreichen Zugriff auf eine Challenge Seite, deine Email Adresse der Zahlung (PayPal) und die deines Benutzerkontos \u00fcbereinstimmen m\u00fcssen. Bei Problemen kontaktiere mich bitte \u00fcber das <a href=\"https:\/\/challenge-melli.de\/?#contact\">Kontaktformular<\/a>.<br><br><em>M\u00f6glichkeit B<\/em> &#8211; \u00fcber die Aufnahme in einer WhatsApp-Gruppe, in der eine tolle Gruppendynamik entsteht und wir zu einem gemeinsamen Zeitpunkt mit der n\u00e4chsten Challenge starten. Hierf\u00fcr m\u00fcsstest du mir deine Telefonnummer zukommen lassen. Bitte kontaktiere mich direkt \u00fcber das <a href=\"https:\/\/challenge-melli.de\/#contact\">Kontaktformular <\/a>f\u00fcr mehr Infos.<\/p>\n\n\n\n<p>Jede Challenge kostet 5-6 Euro Teilnahmegeb\u00fchr, zahlbar per Paypal oder per \u00dcberweisung. Sobald du dich anmeldest und registrierst (M\u00f6glichkeit A) oder du mir deine Kontaktdaten f\u00fcr die WhatsApp-Gruppe zukommen l\u00e4sst (M\u00f6glichkeit B), kannst du dann die genauen Informationen, den Plan und Videos einsehen. <\/p>\n\n\n\n<p>Kontodaten:<br>Paypal: payments@challenge-melli.de<br>Deutsche Kreditbank: IBAN DE 65 1203 0000 1031 3063 58<\/p>\n\n\n\n<p><strong>Mein derzeitges Challenge Angebot f\u00fcr dich:<\/strong><\/p>\n\n\n\n<p>Ab 09.01.2023: <\/p>\n\n\n\n<p><a href=\"https:\/\/challenge-melli.de\/?page_id=941\" data-type=\"page\" data-id=\"941\">21-Tage Neujahrs-Challenge 2023<\/a><\/p>\n\n\n<div class=\"swpm-payment-button\"><div class=\"swpm-button-wrapper swpm-pp-buy-now-wrapper\"><form id=\"swpm-paypal-payment-form-69f2c102cb99b\" action=\"https:\/\/www.paypal.com\/cgi-bin\/webscr\" method=\"post\" ><input type=\"hidden\" name=\"cmd\" value=\"_xclick\" \/><input type=\"hidden\" name=\"charset\" value=\"utf-8\" \/><input type=\"hidden\" name=\"bn\" value=\"TipsandTricks_SP\" \/><input type=\"hidden\" name=\"business\" value=\"payments@challenge-melli.de\" \/><input type=\"hidden\" name=\"amount\" value=\"6\" \/><input type=\"hidden\" name=\"currency_code\" value=\"EUR\" \/><input type=\"hidden\" name=\"item_number\" value=\"963\" \/><input type=\"hidden\" name=\"item_name\" value=\"Jetzt kaufen\" \/><input type=\"hidden\" name=\"no_shipping\" value=\"1\" \/><input type=\"hidden\" name=\"notify_url\" value=\"https:\/\/challenge-melli.de\/?swpm_process_ipn=1\" \/><input type=\"hidden\" name=\"return\" value=\"http:\/\/payments@challenge-melli.de\" \/><input type=\"hidden\" name=\"cancel_return\" value=\"https:\/\/challenge-melli.de\" \/><input type=\"hidden\" name=\"custom\" value=\"subsc_ref%3D2%26user_ip%3D216.73.217.84\" \/><input type=\"submit\" class=\"swpm-buy-now-button-submit\" value=\"Sofortkauf\" \/><\/form><\/div><\/div>\n\n\n\n<p><\/p>\n\n\n\n<p>Ab 06.04.2022:<br><a href=\"https:\/\/challenge-melli.de\/?page_id=868\">21 Tage Stay Strong Challenge<\/a><\/p>\n\n\n<div class=\"swpm-payment-button\"><div class=\"swpm-button-wrapper swpm-pp-buy-now-wrapper\"><form id=\"swpm-paypal-payment-form-69f2c102cbcea\" action=\"https:\/\/www.paypal.com\/cgi-bin\/webscr\" method=\"post\" ><input type=\"hidden\" name=\"cmd\" value=\"_xclick\" \/><input type=\"hidden\" name=\"charset\" value=\"utf-8\" \/><input type=\"hidden\" name=\"bn\" value=\"TipsandTricks_SP\" \/><input type=\"hidden\" name=\"business\" value=\"payments@challenge-melli.de\" \/><input type=\"hidden\" name=\"amount\" value=\"5\" \/><input type=\"hidden\" name=\"currency_code\" value=\"EUR\" \/><input type=\"hidden\" name=\"item_number\" value=\"870\" \/><input type=\"hidden\" name=\"item_name\" value=\"21 Tage Stay Strong-Challenge\" \/><input type=\"hidden\" name=\"no_shipping\" value=\"1\" \/><input type=\"hidden\" name=\"notify_url\" value=\"https:\/\/challenge-melli.de\/?swpm_process_ipn=1\" \/><input type=\"hidden\" name=\"return\" value=\"https:\/\/challenge-melli.de\/?page_id=868\" \/><input type=\"hidden\" name=\"cancel_return\" value=\"https:\/\/challenge-melli.de\" \/><input type=\"hidden\" name=\"custom\" value=\"subsc_ref%3D12%26user_ip%3D216.73.217.84\" \/><input type=\"submit\" class=\"swpm-buy-now-button-submit\" value=\"Sofortkauf\" \/><\/form><\/div><\/div>\n\n\n\n<hr class=\"wp-block-separator has-text-color has-background has-black-background-color has-black-color is-style-wide\"\/>\n\n\n\n<p>Ab 02.03.2022:<br>Deine Challenge im Fr\u00fchjahr<br><a href=\"https:\/\/challenge-melli.de\/?page_id=824\" data-type=\"page\" data-id=\"824\">28 Tage Fit-for-Spring-Challenge<\/a><\/p>\n\n\n<div class=\"swpm-payment-button\"><div class=\"swpm-button-wrapper swpm-pp-buy-now-wrapper\"><form id=\"swpm-paypal-payment-form-69f2c102cbf7d\" action=\"https:\/\/www.paypal.com\/cgi-bin\/webscr\" method=\"post\" ><input type=\"hidden\" name=\"cmd\" value=\"_xclick\" \/><input type=\"hidden\" name=\"charset\" value=\"utf-8\" \/><input type=\"hidden\" name=\"bn\" value=\"TipsandTricks_SP\" \/><input type=\"hidden\" name=\"business\" value=\"payments@challenge-melli.de\" \/><input type=\"hidden\" name=\"amount\" value=\"6\" \/><input type=\"hidden\" name=\"currency_code\" value=\"EUR\" \/><input type=\"hidden\" name=\"item_number\" value=\"832\" \/><input type=\"hidden\" name=\"item_name\" value=\"28 Tage Fit-for-Spring-Challenge\" \/><input type=\"hidden\" name=\"no_shipping\" value=\"1\" \/><input type=\"hidden\" name=\"notify_url\" value=\"https:\/\/challenge-melli.de\/?swpm_process_ipn=1\" \/><input type=\"hidden\" name=\"return\" value=\"https:\/\/challenge-melli.de\/?page_id=824\" \/><input type=\"hidden\" name=\"cancel_return\" value=\"https:\/\/challenge-melli.de\" \/><input type=\"hidden\" name=\"custom\" value=\"subsc_ref%3D11%26user_ip%3D216.73.217.84\" \/><input type=\"submit\" class=\"swpm-buy-now-button-submit\" value=\"Sofortkauf\" \/><\/form><\/div><\/div>\n\n\n\n<hr class=\"wp-block-separator has-text-color has-background has-black-background-color has-black-color is-style-wide\"\/>\n\n\n\n<p>Ab 07.02.2022:<br>Die kurze und knackige Arm-Challenge! 14 Tage und 4 \u00dcbungen.<br><a href=\"https:\/\/challenge-melli.de\/?page_id=776\" data-type=\"page\" data-id=\"776\">14 Tage Arm-Challenge<\/a><\/p>\n\n\n<div class=\"swpm-payment-button\"><div class=\"swpm-button-wrapper swpm-pp-buy-now-wrapper\"><form id=\"swpm-paypal-payment-form-69f2c102cc1ec\" action=\"https:\/\/www.paypal.com\/cgi-bin\/webscr\" method=\"post\" ><input type=\"hidden\" name=\"cmd\" value=\"_xclick\" \/><input type=\"hidden\" name=\"charset\" value=\"utf-8\" \/><input type=\"hidden\" name=\"bn\" value=\"TipsandTricks_SP\" \/><input type=\"hidden\" name=\"business\" value=\"payments@challenge-melli.de\" \/><input type=\"hidden\" name=\"amount\" value=\"5\" \/><input type=\"hidden\" name=\"currency_code\" value=\"EUR\" \/><input type=\"hidden\" name=\"item_number\" value=\"782\" \/><input type=\"hidden\" name=\"item_name\" value=\"14 Tage Arm Challenge\" \/><input type=\"hidden\" name=\"no_shipping\" value=\"1\" \/><input type=\"hidden\" name=\"notify_url\" value=\"https:\/\/challenge-melli.de\/?swpm_process_ipn=1\" \/><input type=\"hidden\" name=\"return\" value=\"https:\/\/challenge-melli.de\" \/><input type=\"hidden\" name=\"cancel_return\" value=\"https:\/\/challenge-melli.de\" \/><input type=\"hidden\" name=\"custom\" value=\"subsc_ref%3D10%26user_ip%3D216.73.217.84\" \/><input type=\"submit\" class=\"swpm-buy-now-button-submit\" value=\"Sofortkauf\" \/><\/form><\/div><\/div>\n\n\n\n<hr class=\"wp-block-separator has-text-color has-background has-black-background-color has-black-color is-style-wide\"\/>\n\n\n\n<p>Ab 10.01.2022:<br>Die Neujahrs-Challenge f\u00fcr den sportlichen Start in 2022.<br><a href=\"https:\/\/challenge-melli.de\/?page_id=729\" data-type=\"page\" data-id=\"729\">22 Tage Neujahrs-Challenge<\/a><\/p>\n\n\n<div class=\"swpm-payment-button\"><div class=\"swpm-button-wrapper swpm-pp-buy-now-wrapper\"><form id=\"swpm-paypal-payment-form-69f2c102cc482\" action=\"https:\/\/www.paypal.com\/cgi-bin\/webscr\" method=\"post\" ><input type=\"hidden\" name=\"cmd\" value=\"_xclick\" \/><input type=\"hidden\" name=\"charset\" value=\"utf-8\" \/><input type=\"hidden\" name=\"bn\" value=\"TipsandTricks_SP\" \/><input type=\"hidden\" name=\"business\" value=\"payments@challenge-melli.de\" \/><input type=\"hidden\" name=\"amount\" value=\"5\" \/><input type=\"hidden\" name=\"currency_code\" value=\"EUR\" \/><input type=\"hidden\" name=\"item_number\" value=\"735\" \/><input type=\"hidden\" name=\"item_name\" value=\"22 Tage Neujahrs-Challenge\" \/><input type=\"hidden\" name=\"no_shipping\" value=\"1\" \/><input type=\"hidden\" name=\"notify_url\" value=\"https:\/\/challenge-melli.de\/?swpm_process_ipn=1\" \/><input type=\"hidden\" name=\"return\" value=\"https:\/\/challenge-melli.de\" \/><input type=\"hidden\" name=\"cancel_return\" value=\"https:\/\/challenge-melli.de\" \/><input type=\"hidden\" name=\"custom\" value=\"subsc_ref%3D9%26user_ip%3D216.73.217.84\" \/><input type=\"submit\" class=\"swpm-buy-now-button-submit\" value=\"Sofortkauf\" \/><\/form><\/div><\/div>\n\n\n\n<hr class=\"wp-block-separator has-text-color has-background has-black-background-color has-black-color is-style-wide\"\/>\n\n\n\n<p>Ab 01.12.2021:<br>Der Fitness Adventskalender f\u00fcr die Vorweihnachtszeit. Bereits jetzt zum Kauf m\u00f6glich, Zugriff erst am 30.11.<br><a href=\"https:\/\/challenge-melli.de\/?page_id=665\">24 Tage Challenge Adventskalender<\/a><\/p>\n\n\n<div class=\"swpm-payment-button\"><div class=\"swpm-button-wrapper swpm-pp-buy-now-wrapper\"><form id=\"swpm-paypal-payment-form-69f2c102cc702\" action=\"https:\/\/www.paypal.com\/cgi-bin\/webscr\" method=\"post\" ><input type=\"hidden\" name=\"cmd\" value=\"_xclick\" \/><input type=\"hidden\" name=\"charset\" value=\"utf-8\" \/><input type=\"hidden\" name=\"bn\" value=\"TipsandTricks_SP\" \/><input type=\"hidden\" name=\"business\" value=\"payments@challenge-melli.de\" \/><input type=\"hidden\" name=\"amount\" value=\"5\" \/><input type=\"hidden\" name=\"currency_code\" value=\"EUR\" \/><input type=\"hidden\" name=\"item_number\" value=\"681\" \/><input type=\"hidden\" name=\"item_name\" value=\"24 Tage Challenge Adventskalender\" \/><input type=\"hidden\" name=\"no_shipping\" value=\"1\" \/><input type=\"hidden\" name=\"notify_url\" value=\"https:\/\/challenge-melli.de\/?swpm_process_ipn=1\" \/><input type=\"hidden\" name=\"return\" value=\"https:\/\/challenge-melli.de\" \/><input type=\"hidden\" name=\"cancel_return\" value=\"https:\/\/challenge-melli.de\" \/><input type=\"hidden\" name=\"custom\" value=\"subsc_ref%3D8%26user_ip%3D216.73.217.84\" \/><input type=\"submit\" class=\"swpm-buy-now-button-submit\" value=\"Sofortkauf\" \/><\/form><\/div><\/div>\n\n\n\n<hr class=\"wp-block-separator has-text-color has-background has-black-background-color has-black-color is-style-wide\"\/>\n\n\n\n<p><a href=\"https:\/\/challenge-melli.de\/?page_id=575\">21 Tage R\u00fcckenPlus-Challenge<\/a><\/p>\n\n\n<div class=\"swpm-payment-button\"><div class=\"swpm-button-wrapper swpm-pp-buy-now-wrapper\"><form id=\"swpm-paypal-payment-form-69f2c102cca29\" action=\"https:\/\/www.paypal.com\/cgi-bin\/webscr\" method=\"post\" ><input type=\"hidden\" name=\"cmd\" value=\"_xclick\" \/><input type=\"hidden\" name=\"charset\" value=\"utf-8\" \/><input type=\"hidden\" name=\"bn\" value=\"TipsandTricks_SP\" \/><input type=\"hidden\" name=\"business\" value=\"payments@challenge-melli.de\" \/><input type=\"hidden\" name=\"amount\" value=\"6\" \/><input type=\"hidden\" name=\"currency_code\" value=\"EUR\" \/><input type=\"hidden\" name=\"item_number\" value=\"581\" \/><input type=\"hidden\" name=\"item_name\" value=\"21 Tage R\u00fcckenPlus-Challenge\" \/><input type=\"hidden\" name=\"no_shipping\" value=\"1\" \/><input type=\"hidden\" name=\"notify_url\" value=\"https:\/\/challenge-melli.de\/?swpm_process_ipn=1\" \/><input type=\"hidden\" name=\"return\" value=\"https:\/\/challenge-melli.de\" \/><input type=\"hidden\" name=\"cancel_return\" value=\"https:\/\/challenge-melli.de\" \/><input type=\"hidden\" name=\"custom\" value=\"subsc_ref%3D7%26user_ip%3D216.73.217.84\" \/><input type=\"submit\" class=\"swpm-buy-now-button-submit\" value=\"Sofortkauf\" \/><\/form><\/div><\/div>\n\n\n\n<hr class=\"wp-block-separator has-text-color has-background has-black-background-color has-black-color is-style-wide\"\/>\n\n\n\n<p> <a href=\"https:\/\/challenge-melli.de\/?page_id=526\">28 Tage BodyFit-Challenge<\/a><br>Eine f\u00fcr alles! Die Ganz-K\u00f6rper-Challenge f\u00fcr jede:n.<\/p>\n\n\n<div class=\"swpm-payment-button\"><div class=\"swpm-button-wrapper swpm-pp-buy-now-wrapper\"><form id=\"swpm-paypal-payment-form-69f2c102cce0e\" action=\"https:\/\/www.paypal.com\/cgi-bin\/webscr\" method=\"post\" ><input type=\"hidden\" name=\"cmd\" value=\"_xclick\" \/><input type=\"hidden\" name=\"charset\" value=\"utf-8\" \/><input type=\"hidden\" name=\"bn\" value=\"TipsandTricks_SP\" \/><input type=\"hidden\" name=\"business\" value=\"payments@challenge-melli.de\" \/><input type=\"hidden\" name=\"amount\" value=\"5\" \/><input type=\"hidden\" name=\"currency_code\" value=\"EUR\" \/><input type=\"hidden\" name=\"item_number\" value=\"539\" \/><input type=\"hidden\" name=\"item_name\" value=\"28 Tage BodyFit-Challenge\" \/><input type=\"hidden\" name=\"no_shipping\" value=\"1\" \/><input type=\"hidden\" name=\"notify_url\" value=\"https:\/\/challenge-melli.de\/?swpm_process_ipn=1\" \/><input type=\"hidden\" name=\"return\" value=\"https:\/\/challenge-melli.de\" \/><input type=\"hidden\" name=\"cancel_return\" value=\"https:\/\/challenge-melli.de\" \/><input type=\"hidden\" name=\"custom\" value=\"subsc_ref%3D6%26user_ip%3D216.73.217.84\" \/><input type=\"submit\" class=\"swpm-buy-now-button-submit\" value=\"Sofortkauf\" \/><\/form><\/div><\/div>\n\n\n\n<hr class=\"wp-block-separator has-text-color has-background has-black-background-color has-black-color is-style-wide\"\/>\n\n\n\n<p><a href=\"https:\/\/challenge-melli.de\/?page_id=88\" data-type=\"page\" data-id=\"88\">21 Tage Bauch-Challenge<\/a><\/p>\n\n\n<div class=\"swpm-payment-button\"><div class=\"swpm-button-wrapper swpm-pp-buy-now-wrapper\"><form id=\"swpm-paypal-payment-form-69f2c102cd15c\" action=\"https:\/\/www.paypal.com\/cgi-bin\/webscr\" method=\"post\" ><input type=\"hidden\" name=\"cmd\" value=\"_xclick\" \/><input type=\"hidden\" name=\"charset\" value=\"utf-8\" \/><input type=\"hidden\" name=\"bn\" value=\"TipsandTricks_SP\" \/><input type=\"hidden\" name=\"business\" value=\"payments@challenge-melli.de\" \/><input type=\"hidden\" name=\"amount\" value=\"5\" \/><input type=\"hidden\" name=\"currency_code\" value=\"EUR\" \/><input type=\"hidden\" name=\"item_number\" value=\"252\" \/><input type=\"hidden\" name=\"item_name\" value=\"21 Tage Bauch-Challenge\" \/><input type=\"hidden\" name=\"no_shipping\" value=\"1\" \/><input type=\"hidden\" name=\"notify_url\" value=\"https:\/\/challenge-melli.de\/?swpm_process_ipn=1\" \/><input type=\"hidden\" name=\"return\" value=\"https:\/\/challenge-melli.de\" \/><input type=\"hidden\" name=\"cancel_return\" value=\"https:\/\/challenge-melli.de\" \/><input type=\"hidden\" name=\"custom\" value=\"subsc_ref%3D2%26user_ip%3D216.73.217.84\" \/><input type=\"submit\" class=\"swpm-buy-now-button-submit\" value=\"Sofortkauf\" \/><\/form><\/div><\/div>\n\n\n\n<hr class=\"wp-block-separator has-text-color has-background has-black-background-color has-black-color is-style-wide\"\/>\n\n\n\n<p><a href=\"https:\/\/challenge-melli.de\/?page_id=453\" data-type=\"page\" data-id=\"453\">21 Tage Beckenboden&amp;Trink-Challenge<\/a><strong> <\/strong> <br>Ideal f\u00fcr Einsteiger. Der Beckenboden wird oft vergessen und vernachl\u00e4ssigt, die R\u00fcckbildung war zu kurz, oder man nimmt sich schlicht einfach zu wenig Zeit daf\u00fcr. Ich m\u00f6chte euch daf\u00fcr sensibilisieren und zeigen, wie wichtig er doch ist. Weiterhin trinken die meisten zu wenig. Wir setzen uns gemeinsam das Ziel, t\u00e4glich mindestens 2 Liter zu trinken und bereiten uns zusammen jeden Tag die gew\u00fcnschte Menge vor. <\/p>\n\n\n<div class=\"swpm-payment-button\"><div class=\"swpm-button-wrapper swpm-pp-buy-now-wrapper\"><form id=\"swpm-paypal-payment-form-69f2c102cd49c\" action=\"https:\/\/www.paypal.com\/cgi-bin\/webscr\" method=\"post\" ><input type=\"hidden\" name=\"cmd\" value=\"_xclick\" \/><input type=\"hidden\" name=\"charset\" value=\"utf-8\" \/><input type=\"hidden\" name=\"bn\" value=\"TipsandTricks_SP\" \/><input type=\"hidden\" name=\"business\" value=\"payments@challenge-melli.de\" \/><input type=\"hidden\" name=\"amount\" value=\"5\" \/><input type=\"hidden\" name=\"currency_code\" value=\"EUR\" \/><input type=\"hidden\" name=\"item_number\" value=\"456\" \/><input type=\"hidden\" name=\"item_name\" value=\"21 Tage Beckenboden-Challenge\" \/><input type=\"hidden\" name=\"no_shipping\" value=\"1\" \/><input type=\"hidden\" name=\"notify_url\" value=\"https:\/\/challenge-melli.de\/?swpm_process_ipn=1\" \/><input type=\"hidden\" name=\"return\" value=\"https:\/\/challenge-melli.de\" \/><input type=\"hidden\" name=\"cancel_return\" value=\"https:\/\/challenge-melli.de\" \/><input type=\"hidden\" name=\"custom\" value=\"subsc_ref%3D5%26user_ip%3D216.73.217.84\" \/><input type=\"submit\" class=\"swpm-buy-now-button-submit\" value=\"Sofortkauf\" \/><\/form><\/div><\/div>\n\n\n\n<hr class=\"wp-block-separator has-text-color has-background has-black-background-color has-black-color is-style-wide\"\/>\n\n\n\n<div class=\"wp-block-columns\">\n<div class=\"wp-block-column\"><\/div>\n\n\n\n<div class=\"wp-block-column\"><\/div>\n<\/div>\n","protected":false},"excerpt":{"rendered":"<p>Challenge bedeutet Herausforderung. Jeden Tag \u00fcber einen festgelegten Zeitraum eine Herausforderung in den Alltag bringen. Die Challenge treibt dich an, schenkt dir Routine und ein gutes K\u00f6rpergef\u00fchl. Nicht nur deine Motivation wird gest\u00e4rkt dran zu bleiben, du tust auch jeden Tag etwas f\u00fcr deine Gesundheit. Die \u00dcbungen bleiben w\u00e4hrend dem [&hellip;]<\/p>\n","protected":false},"author":1,"featured_media":0,"parent":0,"menu_order":0,"comment_status":"closed","ping_status":"closed","template":"","meta":[],"_links":{"self":[{"href":"https:\/\/challenge-melli.de\/index.php?rest_route=\/wp\/v2\/pages\/64"}],"collection":[{"href":"https:\/\/challenge-melli.de\/index.php?rest_route=\/wp\/v2\/pages"}],"about":[{"href":"https:\/\/challenge-melli.de\/index.php?rest_route=\/wp\/v2\/types\/page"}],"author":[{"embeddable":true,"href":"https:\/\/challenge-melli.de\/index.php?rest_route=\/wp\/v2\/users\/1"}],"replies":[{"embeddable":true,"href":"https:\/\/challenge-melli.de\/index.php?rest_route=%2Fwp%2Fv2%2Fcomments&post=64"}],"version-history":[{"count":48,"href":"https:\/\/challenge-melli.de\/index.php?rest_route=\/wp\/v2\/pages\/64\/revisions"}],"predecessor-version":[{"id":965,"href":"https:\/\/challenge-melli.de\/index.php?rest_route=\/wp\/v2\/pages\/64\/revisions\/965"}],"wp:attachment":[{"href":"https:\/\/challenge-melli.de\/index.php?rest_route=%2Fwp%2Fv2%2Fmedia&parent=64"}],"curies":[{"name":"wp","href":"https:\/\/api.w.org\/{rel}","templated":true}]}}